{"id":120,"date":"2014-08-12T07:12:18","date_gmt":"2014-08-12T07:12:18","guid":{"rendered":"http:\/\/www.hiltrud-mueller.de\/?page_id=120"},"modified":"2014-08-25T08:46:09","modified_gmt":"2014-08-25T08:46:09","slug":"zumba","status":"publish","type":"page","link":"https:\/\/www.hiltrud-mueller.de\/?page_id=120","title":{"rendered":"Zumba\u00ae Kurse"},"content":{"rendered":"<p><a href=\"https:\/\/i2.wp.com\/www.hiltrud-mueller.de\/wp-content\/uploads\/DSCN0185.jpg?ssl=1\"><img loading=\"lazy\" class=\"alignleft size-medium wp-image-211\" src=\"https:\/\/i2.wp.com\/www.hiltrud-mueller.de\/wp-content\/uploads\/DSCN0185.jpg?resize=300%2C225&#038;ssl=1\" alt=\"DSCN0185\" width=\"300\" height=\"225\" srcset=\"https:\/\/i2.wp.com\/www.hiltrud-mueller.de\/wp-content\/uploads\/DSCN0185.jpg?resize=300%2C225&amp;ssl=1 300w, https:\/\/i2.wp.com\/www.hiltrud-mueller.de\/wp-content\/uploads\/DSCN0185.jpg?resize=1024%2C768&amp;ssl=1 1024w, https:\/\/i2.wp.com\/www.hiltrud-mueller.de\/wp-content\/uploads\/DSCN0185.jpg?resize=960%2C720&amp;ssl=1 960w, https:\/\/i2.wp.com\/www.hiltrud-mueller.de\/wp-content\/uploads\/DSCN0185.jpg?w=1250&amp;ssl=1 1250w, https:\/\/i2.wp.com\/www.hiltrud-mueller.de\/wp-content\/uploads\/DSCN0185.jpg?w=1875&amp;ssl=1 1875w\" sizes=\"(max-width: 300px) 100vw, 300px\" data-recalc-dims=\"1\" \/><\/a>Das Zumba\u00ae Trainingsprogramm ist Lebensfreude pur! Hier kommen\u00a0verschiedene Fitness- und Tanzstile zum Einsatz, die wie ein Energieschub durch den\u00a0ganzen K\u00f6rper flie\u00dfen. W\u00e4hrend wir uns beim Zumba\u00ae\u00a0Training zum\u00a0Rhythmus\u00a0der\u00a0Musik bewegen, r\u00fcckt\u00a0der Alltag in den Hintergrund. Durch seine positiven Eigenschaften hat sich das Zumba\u00ae\u00a0Programm zu einer beliebten sportlichen\u00a0Bet\u00e4tigung entwickelt. Zu nennen sind\u00a0vor allem das Training von Herz und Kreislauf und der hohe Kalorienverbrauch. Dass\u00a0die vorwiegend lateinamerikanischen Kl\u00e4nge ganz nebenbei\u00a0auch noch ein richtiges Urlaubs-Feeling vermitteln ist ein toller Nebeneffekt. Erleben Sie das unvergleichliche Zumba\u00ae\u00a0Gef\u00fchl in meiner Praxis! Die Kursleiterin ist Mitglied im Zumba\u00ae Instruktor Network ZIN\u00ae.\u00a0<a title=\"Kursangebot\" href=\"https:\/\/www.hiltrud-mueller.de\/?page_id=86\">Zur Kurs\u00fcbersicht<\/a><\/p>\n<p><em><img loading=\"lazy\" class=\"alignleft wp-image-215 size-medium\" src=\"https:\/\/i2.wp.com\/www.hiltrud-mueller.de\/wp-content\/uploads\/124.jpg?resize=225%2C300&#038;ssl=1\" alt=\"124\" width=\"225\" height=\"300\" srcset=\"https:\/\/i2.wp.com\/www.hiltrud-mueller.de\/wp-content\/uploads\/124.jpg?resize=225%2C300&amp;ssl=1 225w, https:\/\/i2.wp.com\/www.hiltrud-mueller.de\/wp-content\/uploads\/124.jpg?resize=768%2C1024&amp;ssl=1 768w, https:\/\/i2.wp.com\/www.hiltrud-mueller.de\/wp-content\/uploads\/124.jpg?resize=960%2C1280&amp;ssl=1 960w, https:\/\/i2.wp.com\/www.hiltrud-mueller.de\/wp-content\/uploads\/124.jpg?w=1250&amp;ssl=1 1250w, https:\/\/i2.wp.com\/www.hiltrud-mueller.de\/wp-content\/uploads\/124.jpg?w=1875&amp;ssl=1 1875w\" sizes=\"(max-width: 225px) 100vw, 225px\" data-recalc-dims=\"1\" \/><\/em><\/p>\n<p>&nbsp;<\/p>\n<p>&nbsp;<\/p>\n<p>&nbsp;<\/p>\n<p>&nbsp;<\/p>\n<p>&nbsp;<\/p>\n<p>&nbsp;<\/p>\n<p>&nbsp;<\/p>\n<p><a title=\"Kursangebot\" href=\"https:\/\/www.hiltrud-mueller.de\/?page_id=86\">Zumba\u00ae und ZIN\u00ae sind eingetragene Markenzeichen der Firma Zumba Fitness, LLC und werden unter Lizenz verwendet.<\/a><\/p>\n","protected":false},"excerpt":{"rendered":"<p>Das Zumba\u00ae Trainingsprogramm ist Lebensfreude pur! Hier kommen\u00a0verschiedene Fitness- und Tanzstile zum Einsatz, die wie ein Energieschub durch den\u00a0ganzen K\u00f6rper flie\u00dfen. W\u00e4hrend wir uns beim Zumba\u00ae\u00a0Training zum\u00a0Rhythmus\u00a0der\u00a0Musik bewegen, r\u00fcckt\u00a0der Alltag in den Hintergrund. Durch seine positiven Eigenschaften hat sich das Zumba\u00ae\u00a0Programm zu einer beliebten sportlichen\u00a0Bet\u00e4tigung entwickelt. Zu nennen sind\u00a0vor allem das Training von Herz und <a class=\"read-more\" href=\"https:\/\/www.hiltrud-mueller.de\/?page_id=120\">... weiterlesen <span class=\"meta-nav\">&rarr;<\/span><\/a><\/p>\n","protected":false},"author":1,"featured_media":0,"parent":7,"menu_order":0,"comment_status":"closed","ping_status":"closed","template":"page-templates\/front-page.php","meta":{"spay_email":""},"_links":{"self":[{"href":"https:\/\/www.hiltrud-mueller.de\/index.php?rest_route=\/wp\/v2\/pages\/120"}],"collection":[{"href":"https:\/\/www.hiltrud-mueller.de\/index.php?rest_route=\/wp\/v2\/pages"}],"about":[{"href":"https:\/\/www.hiltrud-mueller.de\/index.php?rest_route=\/wp\/v2\/types\/page"}],"author":[{"embeddable":true,"href":"https:\/\/www.hiltrud-mueller.de\/index.php?rest_route=\/wp\/v2\/users\/1"}],"replies":[{"embeddable":true,"href":"https:\/\/www.hiltrud-mueller.de\/index.php?rest_route=%2Fwp%2Fv2%2Fcomments&post=120"}],"version-history":[{"count":18,"href":"https:\/\/www.hiltrud-mueller.de\/index.php?rest_route=\/wp\/v2\/pages\/120\/revisions"}],"predecessor-version":[{"id":224,"href":"https:\/\/www.hiltrud-mueller.de\/index.php?rest_route=\/wp\/v2\/pages\/120\/revisions\/224"}],"up":[{"embeddable":true,"href":"https:\/\/www.hiltrud-mueller.de\/index.php?rest_route=\/wp\/v2\/pages\/7"}],"wp:attachment":[{"href":"https:\/\/www.hiltrud-mueller.de\/index.php?rest_route=%2Fwp%2Fv2%2Fmedia&parent=120"}],"curies":[{"name":"wp","href":"https:\/\/api.w.org\/{rel}","templated":true}]}}