{"id":19,"date":"2014-08-07T20:07:53","date_gmt":"2014-08-07T20:07:53","guid":{"rendered":"http:\/\/hiltrud-mueller.de\/?page_id=19"},"modified":"2014-08-14T07:16:25","modified_gmt":"2014-08-14T07:16:25","slug":"psychologische-beratung","status":"publish","type":"page","link":"https:\/\/www.hiltrud-mueller.de\/?page_id=19","title":{"rendered":"Psychologische Beratung"},"content":{"rendered":"<p><a href=\"https:\/\/i1.wp.com\/www.hiltrud-mueller.de\/wp-content\/uploads\/gras-1.jpg?ssl=1\"><img loading=\"lazy\" class=\"alignleft size-medium wp-image-117\" src=\"https:\/\/i1.wp.com\/www.hiltrud-mueller.de\/wp-content\/uploads\/gras-1.jpg?resize=300%2C200&#038;ssl=1\" alt=\"gras-1\" width=\"300\" height=\"200\" srcset=\"https:\/\/i1.wp.com\/www.hiltrud-mueller.de\/wp-content\/uploads\/gras-1.jpg?resize=300%2C200&amp;ssl=1 300w, https:\/\/i1.wp.com\/www.hiltrud-mueller.de\/wp-content\/uploads\/gras-1.jpg?resize=1024%2C682&amp;ssl=1 1024w, https:\/\/i1.wp.com\/www.hiltrud-mueller.de\/wp-content\/uploads\/gras-1.jpg?resize=960%2C640&amp;ssl=1 960w, https:\/\/i1.wp.com\/www.hiltrud-mueller.de\/wp-content\/uploads\/gras-1.jpg?w=1250&amp;ssl=1 1250w, https:\/\/i1.wp.com\/www.hiltrud-mueller.de\/wp-content\/uploads\/gras-1.jpg?w=1875&amp;ssl=1 1875w\" sizes=\"(max-width: 300px) 100vw, 300px\" data-recalc-dims=\"1\" \/><\/a>Mehr noch als die\u00a0k\u00f6rperliche Gesundheit entscheidet die\u00a0psychische Konstitution \u00fcber unseren Erfolg im Leben, unsere F\u00e4higkeiten, Gl\u00fcck zu empfinden und mit unserer Umwelt im Einklang zu leben.<\/p>\n<p>Um negative Gef\u00fchls-, Denk- und Verhaltensmuster abbauen zu k\u00f6nnen und in positive Formen zu verwandeln, bedarf es oftmals der Hilfe eines neutralen Au\u00dfenstehenden, wie zum Beispiel des Psychologischen Beraters.<\/p>\n<p>Gern stehe ich Ihnen beratend zur Seite, wenn Sie Probleme im psychosozialen Bereich haben, d. h. in der Partnerschaft, im Berufsleben oder innerhalb der Familie. Dabei ist es mir wichtig, Sie bei Ihrer Entscheidungsfindung individuell zu betreuen.<\/p>\n<p>Bitte <a title=\"Kontakt\" href=\"https:\/\/www.hiltrud-mueller.de\/?page_id=39\">kontaktieren Sie mich<\/a>, um einen pers\u00f6nlichen Gespr\u00e4chstermin zu vereinbaren.<\/p>\n<p><em>Hinweis<\/em>: Die Psychologische Beratung ist eine Privatleistung - sie wird nicht von den Krankenkassen \u00fcbernommen.<\/p>\n","protected":false},"excerpt":{"rendered":"<p>Mehr noch als die\u00a0k\u00f6rperliche Gesundheit entscheidet die\u00a0psychische Konstitution \u00fcber unseren Erfolg im Leben, unsere F\u00e4higkeiten, Gl\u00fcck zu empfinden und mit unserer Umwelt im Einklang zu leben. Um negative Gef\u00fchls-, Denk- und Verhaltensmuster abbauen zu k\u00f6nnen und in positive Formen zu verwandeln, bedarf es oftmals der Hilfe eines neutralen Au\u00dfenstehenden, wie zum Beispiel des Psychologischen Beraters. <a class=\"read-more\" href=\"https:\/\/www.hiltrud-mueller.de\/?page_id=19\">... weiterlesen <span class=\"meta-nav\">&rarr;<\/span><\/a><\/p>\n","protected":false},"author":1,"featured_media":0,"parent":7,"menu_order":0,"comment_status":"closed","ping_status":"closed","template":"page-templates\/front-page.php","meta":{"spay_email":""},"_links":{"self":[{"href":"https:\/\/www.hiltrud-mueller.de\/index.php?rest_route=\/wp\/v2\/pages\/19"}],"collection":[{"href":"https:\/\/www.hiltrud-mueller.de\/index.php?rest_route=\/wp\/v2\/pages"}],"about":[{"href":"https:\/\/www.hiltrud-mueller.de\/index.php?rest_route=\/wp\/v2\/types\/page"}],"author":[{"embeddable":true,"href":"https:\/\/www.hiltrud-mueller.de\/index.php?rest_route=\/wp\/v2\/users\/1"}],"replies":[{"embeddable":true,"href":"https:\/\/www.hiltrud-mueller.de\/index.php?rest_route=%2Fwp%2Fv2%2Fcomments&post=19"}],"version-history":[{"count":5,"href":"https:\/\/www.hiltrud-mueller.de\/index.php?rest_route=\/wp\/v2\/pages\/19\/revisions"}],"predecessor-version":[{"id":118,"href":"https:\/\/www.hiltrud-mueller.de\/index.php?rest_route=\/wp\/v2\/pages\/19\/revisions\/118"}],"up":[{"embeddable":true,"href":"https:\/\/www.hiltrud-mueller.de\/index.php?rest_route=\/wp\/v2\/pages\/7"}],"wp:attachment":[{"href":"https:\/\/www.hiltrud-mueller.de\/index.php?rest_route=%2Fwp%2Fv2%2Fmedia&parent=19"}],"curies":[{"name":"wp","href":"https:\/\/api.w.org\/{rel}","templated":true}]}}