{"id":5,"date":"2014-08-07T20:05:48","date_gmt":"2014-08-07T20:05:48","guid":{"rendered":"http:\/\/hiltrud-mueller.de\/?page_id=5"},"modified":"2020-02-29T23:59:19","modified_gmt":"2020-02-29T23:59:19","slug":"praxis","status":"publish","type":"page","link":"https:\/\/www.hiltrud-mueller.de\/?page_id=5","title":{"rendered":"Praxis"},"content":{"rendered":"<p>Inmitten von Lohfelden-Vollmarshausen liegt die <em>Praxis f\u00fcr K\u00f6rper, Geist und Seele<\/em>. In den speziell eingerichteten R\u00e4umen\u00a0finden meine <a title=\"Hatha-Yoga\" href=\"https:\/\/www.hiltrud-mueller.de\/?page_id=15\">Yoga-Kurse<\/a>, <a title=\"Zumba\" href=\"https:\/\/www.hiltrud-mueller.de\/?page_id=120\">Zumba\u00ae-Kurse<\/a>, das <a title=\"Autogenes Training\" href=\"https:\/\/www.hiltrud-mueller.de\/?page_id=17\">Autogene Training<\/a> und die <a title=\"Psychologische Beratung\" href=\"https:\/\/www.hiltrud-mueller.de\/?page_id=19\">psychologische Beratung<\/a> statt. Die Farbgebung der Einrichtung\u00a0vermittelt \u00a0durch den Einsatz von Orange- und Gelbt\u00f6nen ein unvergleichliches Gef\u00fchl von W\u00e4rme und Geborgenheit. Die <em>Praxis f\u00fcr K\u00f6rper, Geist und Seele<\/em> ist gleicherma\u00dfen ein Raum f\u00fcr\u00a0Ruhe und Aktivit\u00e4t, dort k\u00f6nnen wir Energien mobilisieren und uns f\u00fcr den Alltag r\u00fcsten. Ich freue mich auf Ihren Besuch!<\/p>\n\n\n<div class=\"wp-block-jetpack-slideshow aligncenter\" data-effect=\"slide\"><div class=\"wp-block-jetpack-slideshow_container swiper-container\"><ul class=\"wp-block-jetpack-slideshow_swiper-wrapper swiper-wrapper\"><li class=\"wp-block-jetpack-slideshow_slide swiper-slide\"><figure><img loading=\"lazy\" width=\"625\" height=\"469\" alt=\"\" class=\"wp-block-jetpack-slideshow_image wp-image-42\" data-id=\"42\" src=\"https:\/\/i1.wp.com\/www.hiltrud-mueller.de\/wp-content\/uploads\/IMG_0583-e1582893059132.jpg?resize=625%2C469&#038;ssl=1\" data-recalc-dims=\"1\"\/><figcaption class=\"wp-block-jetpack-slideshow_caption gallery-caption\">Praxis Hiltrud M\u00fcller<\/figcaption><\/figure><\/li><li class=\"wp-block-jetpack-slideshow_slide swiper-slide\"><figure><img loading=\"lazy\" width=\"625\" height=\"469\" alt=\"\" class=\"wp-block-jetpack-slideshow_image wp-image-180\" data-id=\"180\" src=\"https:\/\/i2.wp.com\/www.hiltrud-mueller.de\/wp-content\/uploads\/Foto-2-e1582892072195.jpg?resize=625%2C469&#038;ssl=1\" data-recalc-dims=\"1\"\/><figcaption class=\"wp-block-jetpack-slideshow_caption gallery-caption\">Praxis Hiltrud M\u00fcller<\/figcaption><\/figure><\/li><li class=\"wp-block-jetpack-slideshow_slide swiper-slide\"><figure><img loading=\"lazy\" width=\"625\" height=\"469\" alt=\"\" class=\"wp-block-jetpack-slideshow_image wp-image-172\" data-id=\"172\" src=\"https:\/\/i2.wp.com\/www.hiltrud-mueller.de\/wp-content\/uploads\/Foto-4-e1582892103235.jpg?resize=625%2C469&#038;ssl=1\" data-recalc-dims=\"1\"\/><figcaption class=\"wp-block-jetpack-slideshow_caption gallery-caption\">Praxis Hiltrud M\u00fcller<\/figcaption><\/figure><\/li><li class=\"wp-block-jetpack-slideshow_slide swiper-slide\"><figure><img loading=\"lazy\" width=\"612\" height=\"816\" alt=\"\" class=\"wp-block-jetpack-slideshow_image wp-image-174\" data-id=\"174\" src=\"https:\/\/i2.wp.com\/www.hiltrud-mueller.de\/wp-content\/uploads\/Foto-11-e1582892129664.jpg?resize=612%2C816&#038;ssl=1\" data-recalc-dims=\"1\"\/><figcaption class=\"wp-block-jetpack-slideshow_caption gallery-caption\">Praxis Hiltrud M\u00fcller<\/figcaption><\/figure><\/li><\/ul><a class=\"wp-block-jetpack-slideshow_button-prev swiper-button-prev swiper-button-white\" role=\"button\"><\/a><a class=\"wp-block-jetpack-slideshow_button-next swiper-button-next swiper-button-white\" role=\"button\"><\/a><a aria-label=\"Pause Slideshow\" class=\"wp-block-jetpack-slideshow_button-pause\" role=\"button\"><\/a><div class=\"wp-block-jetpack-slideshow_pagination swiper-pagination swiper-pagination-white\"><\/div><\/div><\/div>\n","protected":false},"excerpt":{"rendered":"<p>Inmitten von Lohfelden-Vollmarshausen liegt die Praxis f\u00fcr K\u00f6rper, Geist und Seele. In den speziell eingerichteten R\u00e4umen\u00a0finden meine Yoga-Kurse, Zumba\u00ae-Kurse, das Autogene Training und die psychologische Beratung statt. Die Farbgebung der Einrichtung\u00a0vermittelt \u00a0durch den Einsatz von Orange- und Gelbt\u00f6nen ein unvergleichliches Gef\u00fchl von W\u00e4rme und Geborgenheit. Die Praxis f\u00fcr K\u00f6rper, Geist und Seele ist gleicherma\u00dfen ein <a class=\"read-more\" href=\"https:\/\/www.hiltrud-mueller.de\/?page_id=5\">... weiterlesen <span class=\"meta-nav\">&rarr;<\/span><\/a><\/p>\n","protected":false},"author":1,"featured_media":0,"parent":0,"menu_order":0,"comment_status":"closed","ping_status":"closed","template":"page-templates\/front-page.php","meta":{"spay_email":""},"_links":{"self":[{"href":"https:\/\/www.hiltrud-mueller.de\/index.php?rest_route=\/wp\/v2\/pages\/5"}],"collection":[{"href":"https:\/\/www.hiltrud-mueller.de\/index.php?rest_route=\/wp\/v2\/pages"}],"about":[{"href":"https:\/\/www.hiltrud-mueller.de\/index.php?rest_route=\/wp\/v2\/types\/page"}],"author":[{"embeddable":true,"href":"https:\/\/www.hiltrud-mueller.de\/index.php?rest_route=\/wp\/v2\/users\/1"}],"replies":[{"embeddable":true,"href":"https:\/\/www.hiltrud-mueller.de\/index.php?rest_route=%2Fwp%2Fv2%2Fcomments&post=5"}],"version-history":[{"count":33,"href":"https:\/\/www.hiltrud-mueller.de\/index.php?rest_route=\/wp\/v2\/pages\/5\/revisions"}],"predecessor-version":[{"id":282,"href":"https:\/\/www.hiltrud-mueller.de\/index.php?rest_route=\/wp\/v2\/pages\/5\/revisions\/282"}],"wp:attachment":[{"href":"https:\/\/www.hiltrud-mueller.de\/index.php?rest_route=%2Fwp%2Fv2%2Fmedia&parent=5"}],"curies":[{"name":"wp","href":"https:\/\/api.w.org\/{rel}","templated":true}]}}